{"id":172,"date":"2017-06-26T12:40:18","date_gmt":"2017-06-26T12:40:18","guid":{"rendered":"http:\/\/test.profesconsulting.pl\/?page_id=172"},"modified":"2018-02-12T16:26:44","modified_gmt":"2018-02-12T16:26:44","slug":"o-nas","status":"publish","type":"page","link":"https:\/\/profesconsulting.pl\/?page_id=172","title":{"rendered":"O nas"},"content":{"rendered":"<div id=\"pl-172\"  class=\"panel-layout\" ><div id=\"pg-172-0\"  class=\"panel-grid panel-has-style\" ><div class=\"siteorigin-panels-stretch panel-row-style panel-row-style-for-172-0\" style=\"padding: 15px 0; \" data-stretch-type=\"full\" data-overlay=\"true\" data-overlay-color=\"#000000\" ><div id=\"pgc-172-0-0\"  class=\"panel-grid-cell\" ><div id=\"panel-172-0-0-0\" class=\"so-panel widget widget_text panel-first-child panel-last-child\" data-index=\"0\" ><div style=\"text-align: left;\" data-title-color=\"#443f3f\" data-headings-color=\"#443f3f\" class=\"panel-widget-style panel-widget-style-for-172-0-0-0\" >\t\t\t<div class=\"textwidget\"><p><strong>PROFES CONSULTING ESTEMBERG, KO\u015aCIAN SP. J <\/strong>to firma doradczo-szkoleniowa zrzeszaj\u0105ca do\u015bwiadczonych analityk\u00f3w, trener\u00f3w-praktyk\u00f3w, psycholog\u00f3w oraz specjalist\u00f3w ds. pozyskiwania i wdra\u017cania \u015brodk\u00f3w EFS i EFRR. Dzi\u0119ki wykorzystaniu bogatego do\u015bwiadczenia zawodowego naszych ekspert\u00f3w oraz ich specjalistycznych kwalifikacji, jeste\u015bmy w stanie zaoferowa\u0107 naszym klientom wymierne <strong>KORZY\u015aCI<\/strong> w zakresie realizacji dedykowanych projekt\u00f3w inwestycyjnych, spo\u0142ecznych, szkoleniowych, HR oraz w zakresie edukacji.<\/p>\n<p>Nasz\u0105 ide\u0105 jest dostarczanie klientom wsparcia doradczo-szkoleniowego, umo\u017cliwiaj\u0105cego efektywny rozw\u00f3j organizacji, zgodnie ze zdiagnozowanymi potrzebami, przy jednoczesnym minimalizowaniu ryzyk projektowych.<\/p>\n<p>Nasz sta\u0142y zesp\u00f3\u0142 tworz\u0105:<\/p>\n<\/div>\n\t\t<\/div><\/div><\/div><\/div><\/div><div id=\"pg-172-1\"  class=\"panel-grid panel-has-style\" ><div class=\"siteorigin-panels-stretch panel-row-style panel-row-style-for-172-1\" style=\"padding: 15px 0; \" data-stretch-type=\"full\" data-overlay=\"true\" data-overlay-color=\"#000000\" ><div id=\"pgc-172-1-0\"  class=\"panel-grid-cell\" ><div id=\"panel-172-1-0-0\" class=\"so-panel widget widget_sydney_employees sydney_employees_widget panel-first-child panel-last-child\" data-index=\"1\" ><div style=\"text-align: left;\" data-title-color=\"#443f3f\" data-headings-color=\"#443f3f\" class=\"panel-widget-style panel-widget-style-for-172-1-0-0\" >\r\n\t\t\r\n\t\t<div class=\"roll-team carousel owl-carousel\" data-widgetid=\"employees-widget-1-0-0\">\r\n\t\t\t\t\t\t\t\t\t\t<div class=\"team-item\">\r\n\t\t\t    <div class=\"team-inner\">\r\n\t\t\t        <div class=\"pop-overlay\">\r\n\t\t\t            <div class=\"team-pop\">\r\n\t\t\t                <div class=\"team-info\">\r\n\t\t\t\t\t\t\t\t<div class=\"name\">Agnieszka Etemberg<\/div>\r\n\t\t\t\t\t\t\t\t<div class=\"pos\">Specjalista ds. projekt\u00f3w\/trener<\/div>\r\n\t\t\t\t\t\t\t\t<ul class=\"team-social\">\r\n\t\t\t\t\t\t\t\t\t\t\t\t\t\t\t\t\t\t\t\t\t\t\t\t\t\t\t\t\t\t\t\t\t\t\t<\/ul>\r\n\t\t\t                <\/div>\r\n\t\t\t            <\/div>\r\n\t\t\t        <\/div>\r\n\t\t\t\t\t\t\t\t\t\t<div class=\"avatar\">\r\n\t\t\t\t\t\t<img loading=\"lazy\" decoding=\"async\" width=\"400\" height=\"400\" src=\"https:\/\/profesconsulting.pl\/wp-content\/uploads\/2017\/06\/cropped-FB-Logo.png\" class=\"attachment-sydney-medium-thumb size-sydney-medium-thumb wp-post-image\" alt=\"\" srcset=\"https:\/\/profesconsulting.pl\/wp-content\/uploads\/2017\/06\/cropped-FB-Logo.png 512w, https:\/\/profesconsulting.pl\/wp-content\/uploads\/2017\/06\/cropped-FB-Logo-150x150.png 150w, https:\/\/profesconsulting.pl\/wp-content\/uploads\/2017\/06\/cropped-FB-Logo-300x300.png 300w, https:\/\/profesconsulting.pl\/wp-content\/uploads\/2017\/06\/cropped-FB-Logo-100x100.png 100w\" sizes=\"(max-width: 400px) 100vw, 400px\" \/>\t\t\t\t\t<\/div>\r\n\t\t\t\t\t\t\t\t    <\/div>\r\n\t\t\t    <div class=\"team-content\">\r\n\t\t\t        <div class=\"name\">\r\n\t\t\t        \t\t\t\t        \t\tAgnieszka Etemberg\t\t\t        \t\t\t\t        <\/div>\r\n\t\t\t        <div class=\"pos\">Specjalista ds. projekt\u00f3w\/trener<\/div>\r\n\t\t\t    <\/div>\r\n\t\t\t<\/div><!-- \/.team-item -->\r\n\r\n\t\t\t\t\t\t\t\t\t\t<div class=\"team-item\">\r\n\t\t\t    <div class=\"team-inner\">\r\n\t\t\t        <div class=\"pop-overlay\">\r\n\t\t\t            <div class=\"team-pop\">\r\n\t\t\t                <div class=\"team-info\">\r\n\t\t\t\t\t\t\t\t<div class=\"name\">Przemys\u0142aw Ko\u015bcian<\/div>\r\n\t\t\t\t\t\t\t\t<div class=\"pos\">Specjalista ds. projekt\u00f3w\/trener<\/div>\r\n\t\t\t\t\t\t\t\t<ul class=\"team-social\">\r\n\t\t\t\t\t\t\t\t\t\t\t\t\t\t\t\t\t\t\t\t\t\t\t\t\t\t\t\t\t\t\t\t\t\t\t<\/ul>\r\n\t\t\t                <\/div>\r\n\t\t\t            <\/div>\r\n\t\t\t        <\/div>\r\n\t\t\t\t\t\t\t\t\t\t<div class=\"avatar\">\r\n\t\t\t\t\t\t<img loading=\"lazy\" decoding=\"async\" width=\"400\" height=\"400\" src=\"https:\/\/profesconsulting.pl\/wp-content\/uploads\/2017\/06\/cropped-FB-Logo.png\" class=\"attachment-sydney-medium-thumb size-sydney-medium-thumb wp-post-image\" alt=\"\" srcset=\"https:\/\/profesconsulting.pl\/wp-content\/uploads\/2017\/06\/cropped-FB-Logo.png 512w, https:\/\/profesconsulting.pl\/wp-content\/uploads\/2017\/06\/cropped-FB-Logo-150x150.png 150w, https:\/\/profesconsulting.pl\/wp-content\/uploads\/2017\/06\/cropped-FB-Logo-300x300.png 300w, https:\/\/profesconsulting.pl\/wp-content\/uploads\/2017\/06\/cropped-FB-Logo-100x100.png 100w\" sizes=\"(max-width: 400px) 100vw, 400px\" \/>\t\t\t\t\t<\/div>\r\n\t\t\t\t\t\t\t\t    <\/div>\r\n\t\t\t    <div class=\"team-content\">\r\n\t\t\t        <div class=\"name\">\r\n\t\t\t        \t\t\t\t        \t\tPrzemys\u0142aw Ko\u015bcian\t\t\t        \t\t\t\t        <\/div>\r\n\t\t\t        <div class=\"pos\">Specjalista ds. projekt\u00f3w\/trener<\/div>\r\n\t\t\t    <\/div>\r\n\t\t\t<\/div><!-- \/.team-item -->\r\n\r\n\t\t\t\t\t\t\t\t\t\t<div class=\"team-item\">\r\n\t\t\t    <div class=\"team-inner\">\r\n\t\t\t        <div class=\"pop-overlay\">\r\n\t\t\t            <div class=\"team-pop\">\r\n\t\t\t                <div class=\"team-info\">\r\n\t\t\t\t\t\t\t\t<div class=\"name\">Maciej Kocio\u0142ek<\/div>\r\n\t\t\t\t\t\t\t\t<div class=\"pos\">Analityk finansowy<\/div>\r\n\t\t\t\t\t\t\t\t<ul class=\"team-social\">\r\n\t\t\t\t\t\t\t\t\t\t\t\t\t\t\t\t\t\t\t\t\t\t\t\t\t\t\t\t\t\t\t\t\t\t\t<\/ul>\r\n\t\t\t                <\/div>\r\n\t\t\t            <\/div>\r\n\t\t\t        <\/div>\r\n\t\t\t\t\t\t\t\t\t\t<div class=\"avatar\">\r\n\t\t\t\t\t\t<img loading=\"lazy\" decoding=\"async\" width=\"400\" height=\"400\" src=\"https:\/\/profesconsulting.pl\/wp-content\/uploads\/2017\/06\/cropped-FB-Logo.png\" class=\"attachment-sydney-medium-thumb size-sydney-medium-thumb wp-post-image\" alt=\"\" srcset=\"https:\/\/profesconsulting.pl\/wp-content\/uploads\/2017\/06\/cropped-FB-Logo.png 512w, https:\/\/profesconsulting.pl\/wp-content\/uploads\/2017\/06\/cropped-FB-Logo-150x150.png 150w, https:\/\/profesconsulting.pl\/wp-content\/uploads\/2017\/06\/cropped-FB-Logo-300x300.png 300w, https:\/\/profesconsulting.pl\/wp-content\/uploads\/2017\/06\/cropped-FB-Logo-100x100.png 100w\" sizes=\"(max-width: 400px) 100vw, 400px\" \/>\t\t\t\t\t<\/div>\r\n\t\t\t\t\t\t\t\t    <\/div>\r\n\t\t\t    <div class=\"team-content\">\r\n\t\t\t        <div class=\"name\">\r\n\t\t\t        \t\t\t\t        \t\tMaciej Kocio\u0142ek\t\t\t        \t\t\t\t        <\/div>\r\n\t\t\t        <div class=\"pos\">Analityk finansowy<\/div>\r\n\t\t\t    <\/div>\r\n\t\t\t<\/div><!-- \/.team-item -->\r\n\r\n\t\t\t\t\t<\/div>\r\n\r\n\t\t\t\r\n\t\r\n\t<\/div><\/div><\/div><\/div><\/div><div id=\"pg-172-2\"  class=\"panel-grid panel-has-style\" ><div class=\"siteorigin-panels-stretch panel-row-style panel-row-style-for-172-2\" style=\"padding: 15px 0; \" data-stretch-type=\"full\" data-overlay=\"true\" data-overlay-color=\"#000000\" ><div id=\"pgc-172-2-0\"  class=\"panel-grid-cell\" ><div id=\"panel-172-2-0-0\" class=\"so-panel widget widget_sydney_clients sydney_clients_widget panel-first-child panel-last-child\" data-index=\"2\" ><div style=\"text-align: left;\" data-title-color=\"#443f3f\" data-headings-color=\"#443f3f\" class=\"panel-widget-style panel-widget-style-for-172-2-0-0\" >\r\n\r\n\t\t\t<h3 class=\"widget-title\">Zaufali nam<\/h3>\t\t\t\t<div class=\"roll-client\">\r\n\t\t\t\t\t\t\t\t\t\t\t\t\t\t\t\t\t\t\t\t<div class=\"client-item\">\r\n\t\t\t\t\t\t\t\t\t\t\t\t\t\t\t<a target=\"_self\" href=\"http:\/\/malemisie.pl\/kontakt\/\"><img loading=\"lazy\" decoding=\"async\" width=\"310\" height=\"201\" src=\"https:\/\/profesconsulting.pl\/wp-content\/uploads\/2018\/02\/Ma\u0142eMisie.png\" class=\"attachment-post-thumbnail size-post-thumbnail wp-post-image\" alt=\"\" srcset=\"https:\/\/profesconsulting.pl\/wp-content\/uploads\/2018\/02\/Ma\u0142eMisie.png 310w, https:\/\/profesconsulting.pl\/wp-content\/uploads\/2018\/02\/Ma\u0142eMisie-300x195.png 300w, https:\/\/profesconsulting.pl\/wp-content\/uploads\/2018\/02\/Ma\u0142eMisie-230x149.png 230w\" sizes=\"(max-width: 310px) 100vw, 310px\" \/><\/a>\r\n\t\t\t\t\t\t\t\t\t\t\t\t\t<\/div>\r\n\t\t\t\t\t\t\t\t\t\t\t\t\t\t\t\t\t\t\t\t\t\t\t\t\t<div class=\"client-item\">\r\n\t\t\t\t\t\t\t\t\t\t\t\t\t\t\t<a target=\"_self\" href=\"https:\/\/kids-co.pl\/\"><img loading=\"lazy\" decoding=\"async\" width=\"86\" height=\"88\" src=\"https:\/\/profesconsulting.pl\/wp-content\/uploads\/2018\/02\/kids.png\" class=\"attachment-post-thumbnail size-post-thumbnail wp-post-image\" alt=\"\" \/><\/a>\r\n\t\t\t\t\t\t\t\t\t\t\t\t\t<\/div>\r\n\t\t\t\t\t\t\t\t\t\t\t\t\t\t\t\t\t\t\t\t\t\t\t\t\t<div class=\"client-item\">\r\n\t\t\t\t\t\t\t\t\t\t\t\t\t\t\t<a target=\"_self\" href=\"https:\/\/gromar.eu\/\"><img loading=\"lazy\" decoding=\"async\" width=\"709\" height=\"102\" src=\"https:\/\/profesconsulting.pl\/wp-content\/uploads\/2017\/06\/firm_45512_b84799_big.jpg\" class=\"attachment-post-thumbnail size-post-thumbnail wp-post-image\" alt=\"\" srcset=\"https:\/\/profesconsulting.pl\/wp-content\/uploads\/2017\/06\/firm_45512_b84799_big.jpg 709w, https:\/\/profesconsulting.pl\/wp-content\/uploads\/2017\/06\/firm_45512_b84799_big-300x43.jpg 300w, https:\/\/profesconsulting.pl\/wp-content\/uploads\/2017\/06\/firm_45512_b84799_big-230x33.jpg 230w, https:\/\/profesconsulting.pl\/wp-content\/uploads\/2017\/06\/firm_45512_b84799_big-350x50.jpg 350w, https:\/\/profesconsulting.pl\/wp-content\/uploads\/2017\/06\/firm_45512_b84799_big-480x69.jpg 480w\" sizes=\"(max-width: 709px) 100vw, 709px\" \/><\/a>\r\n\t\t\t\t\t\t\t\t\t\t\t\t\t<\/div>\r\n\t\t\t\t\t\t\t\t\t\t\t\t\t\t\t\t\t\t\t\t\t\t\t\t\t\t\t\t\t\t\t\t\t\t\t\t\t\t\t<div class=\"client-item\">\r\n\t\t\t\t\t\t\t\t\t\t\t\t\t\t\t<a target=\"_self\" href=\"http:\/\/www.powiat-tomaszowski.pl\/\"><img loading=\"lazy\" decoding=\"async\" width=\"1200\" height=\"1345\" src=\"https:\/\/profesconsulting.pl\/wp-content\/uploads\/2017\/06\/TOMASZ\u00d3W.png\" class=\"attachment-post-thumbnail size-post-thumbnail wp-post-image\" alt=\"\" srcset=\"https:\/\/profesconsulting.pl\/wp-content\/uploads\/2017\/06\/TOMASZ\u00d3W.png 1200w, https:\/\/profesconsulting.pl\/wp-content\/uploads\/2017\/06\/TOMASZ\u00d3W-268x300.png 268w, https:\/\/profesconsulting.pl\/wp-content\/uploads\/2017\/06\/TOMASZ\u00d3W-768x861.png 768w, https:\/\/profesconsulting.pl\/wp-content\/uploads\/2017\/06\/TOMASZ\u00d3W-914x1024.png 914w, https:\/\/profesconsulting.pl\/wp-content\/uploads\/2017\/06\/TOMASZ\u00d3W-830x930.png 830w, https:\/\/profesconsulting.pl\/wp-content\/uploads\/2017\/06\/TOMASZ\u00d3W-230x258.png 230w, https:\/\/profesconsulting.pl\/wp-content\/uploads\/2017\/06\/TOMASZ\u00d3W-350x392.png 350w, https:\/\/profesconsulting.pl\/wp-content\/uploads\/2017\/06\/TOMASZ\u00d3W-480x538.png 480w\" sizes=\"(max-width: 1200px) 100vw, 1200px\" \/><\/a>\r\n\t\t\t\t\t\t\t\t\t\t\t\t\t<\/div>\r\n\t\t\t\t\t\t\t\t\t\t\t\t\t\t\t\t\t\t\t\t\t\t\t\t\t<div class=\"client-item\">\r\n\t\t\t\t\t\t\t\t\t\t\t\t\t\t\t<img loading=\"lazy\" decoding=\"async\" width=\"230\" height=\"92\" src=\"https:\/\/profesconsulting.pl\/wp-content\/uploads\/2017\/06\/1200px-Infosys_logo.svg_-230x92.png\" class=\"attachment-sydney-small-thumb size-sydney-small-thumb wp-post-image\" alt=\"\" srcset=\"https:\/\/profesconsulting.pl\/wp-content\/uploads\/2017\/06\/1200px-Infosys_logo.svg_-230x92.png 230w, https:\/\/profesconsulting.pl\/wp-content\/uploads\/2017\/06\/1200px-Infosys_logo.svg_-300x120.png 300w, https:\/\/profesconsulting.pl\/wp-content\/uploads\/2017\/06\/1200px-Infosys_logo.svg_-768x307.png 768w, https:\/\/profesconsulting.pl\/wp-content\/uploads\/2017\/06\/1200px-Infosys_logo.svg_-1024x410.png 1024w, https:\/\/profesconsulting.pl\/wp-content\/uploads\/2017\/06\/1200px-Infosys_logo.svg_-830x332.png 830w, https:\/\/profesconsulting.pl\/wp-content\/uploads\/2017\/06\/1200px-Infosys_logo.svg_-350x140.png 350w, https:\/\/profesconsulting.pl\/wp-content\/uploads\/2017\/06\/1200px-Infosys_logo.svg_-480x192.png 480w, https:\/\/profesconsulting.pl\/wp-content\/uploads\/2017\/06\/1200px-Infosys_logo.svg_.png 1200w\" sizes=\"(max-width: 230px) 100vw, 230px\" \/>\t\t\t\t\t\t\t\t\t\t\t\t\t<\/div>\r\n\t\t\t\t\t\t\t\t\t\t\t\t\t<\/div>\t\t\r\n\r\n\t\t\t\t\r\n\r\n\r\n\t<\/div><\/div><\/div><\/div><\/div><\/div>","protected":false},"excerpt":{"rendered":"<p>PROFES CONSULTING ESTEMBERG, KO\u015aCIAN SP. J to firma doradczo-szkoleniowa zrzeszaj\u0105ca do\u015bwiadczonych analityk\u00f3w, trener\u00f3w-praktyk\u00f3w, psycholog\u00f3w oraz specjalist\u00f3w ds. pozyskiwania i wdra\u017cania \u015brodk\u00f3w EFS [&hellip;]<\/p>\n","protected":false},"author":2,"featured_media":0,"parent":28,"menu_order":0,"comment_status":"closed","ping_status":"closed","template":"page-templates\/page_fullwidth.php","meta":{"sfsi_plus_gutenberg_text_before_share":"","sfsi_plus_gutenberg_show_text_before_share":"","sfsi_plus_gutenberg_icon_type":"","sfsi_plus_gutenberg_icon_alignemt":"","sfsi_plus_gutenburg_max_per_row":"","jetpack_post_was_ever_published":false,"footnotes":""},"yoast_head":"<!-- This site is optimized with the Yoast SEO plugin v21.9.1 - https:\/\/yoast.com\/wordpress\/plugins\/seo\/ -->\n<title>O nas - Dofinansowania unijne, szkolenia<\/title>\n<meta name=\"robots\" content=\"index, follow, max-snippet:-1, max-image-preview:large, max-video-preview:-1\" \/>\n<link rel=\"canonical\" href=\"https:\/\/profesconsulting.pl\/?page_id=172\" \/>\n<meta property=\"og:locale\" content=\"pl_PL\" \/>\n<meta property=\"og:type\" content=\"article\" \/>\n<meta property=\"og:title\" content=\"O nas - Dofinansowania unijne, szkolenia\" \/>\n<meta property=\"og:description\" content=\"PROFES CONSULTING ESTEMBERG, KO\u015aCIAN SP. J to firma doradczo-szkoleniowa zrzeszaj\u0105ca do\u015bwiadczonych analityk\u00f3w, trener\u00f3w-praktyk\u00f3w, psycholog\u00f3w oraz specjalist\u00f3w ds. pozyskiwania i wdra\u017cania \u015brodk\u00f3w EFS [&hellip;]\" \/>\n<meta property=\"og:url\" content=\"https:\/\/profesconsulting.pl\/?page_id=172\" \/>\n<meta property=\"og:site_name\" content=\"Dofinansowania unijne, szkolenia\" \/>\n<meta property=\"article:modified_time\" content=\"2018-02-12T16:26:44+00:00\" \/>\n<meta name=\"twitter:card\" content=\"summary_large_image\" \/>\n<meta name=\"twitter:label1\" content=\"Szacowany czas czytania\" \/>\n\t<meta name=\"twitter:data1\" content=\"1 minuta\" \/>\n<script type=\"application\/ld+json\" class=\"yoast-schema-graph\">{\"@context\":\"https:\/\/schema.org\",\"@graph\":[{\"@type\":\"WebPage\",\"@id\":\"https:\/\/profesconsulting.pl\/?page_id=172\",\"url\":\"https:\/\/profesconsulting.pl\/?page_id=172\",\"name\":\"O nas - Dofinansowania unijne, szkolenia\",\"isPartOf\":{\"@id\":\"https:\/\/profesconsulting.pl\/#website\"},\"datePublished\":\"2017-06-26T12:40:18+00:00\",\"dateModified\":\"2018-02-12T16:26:44+00:00\",\"breadcrumb\":{\"@id\":\"https:\/\/profesconsulting.pl\/?page_id=172#breadcrumb\"},\"inLanguage\":\"pl-PL\",\"potentialAction\":[{\"@type\":\"ReadAction\",\"target\":[\"https:\/\/profesconsulting.pl\/?page_id=172\"]}]},{\"@type\":\"BreadcrumbList\",\"@id\":\"https:\/\/profesconsulting.pl\/?page_id=172#breadcrumb\",\"itemListElement\":[{\"@type\":\"ListItem\",\"position\":1,\"name\":\"Strona g\u0142\u00f3wna\",\"item\":\"https:\/\/profesconsulting.pl\/\"},{\"@type\":\"ListItem\",\"position\":2,\"name\":\"Profes Consulting\",\"item\":\"https:\/\/profesconsulting.pl\/\"},{\"@type\":\"ListItem\",\"position\":3,\"name\":\"O nas\"}]},{\"@type\":\"WebSite\",\"@id\":\"https:\/\/profesconsulting.pl\/#website\",\"url\":\"https:\/\/profesconsulting.pl\/\",\"name\":\"Dofinansowania unijne, szkolenia\",\"description\":\"\",\"potentialAction\":[{\"@type\":\"SearchAction\",\"target\":{\"@type\":\"EntryPoint\",\"urlTemplate\":\"https:\/\/profesconsulting.pl\/?s={search_term_string}\"},\"query-input\":\"required name=search_term_string\"}],\"inLanguage\":\"pl-PL\"}]}<\/script>\n<!-- \/ Yoast SEO plugin. -->","yoast_head_json":{"title":"O nas - Dofinansowania unijne, szkolenia","robots":{"index":"index","follow":"follow","max-snippet":"max-snippet:-1","max-image-preview":"max-image-preview:large","max-video-preview":"max-video-preview:-1"},"canonical":"https:\/\/profesconsulting.pl\/?page_id=172","og_locale":"pl_PL","og_type":"article","og_title":"O nas - Dofinansowania unijne, szkolenia","og_description":"PROFES CONSULTING ESTEMBERG, KO\u015aCIAN SP. J to firma doradczo-szkoleniowa zrzeszaj\u0105ca do\u015bwiadczonych analityk\u00f3w, trener\u00f3w-praktyk\u00f3w, psycholog\u00f3w oraz specjalist\u00f3w ds. pozyskiwania i wdra\u017cania \u015brodk\u00f3w EFS [&hellip;]","og_url":"https:\/\/profesconsulting.pl\/?page_id=172","og_site_name":"Dofinansowania unijne, szkolenia","article_modified_time":"2018-02-12T16:26:44+00:00","twitter_card":"summary_large_image","twitter_misc":{"Szacowany czas czytania":"1 minuta"},"schema":{"@context":"https:\/\/schema.org","@graph":[{"@type":"WebPage","@id":"https:\/\/profesconsulting.pl\/?page_id=172","url":"https:\/\/profesconsulting.pl\/?page_id=172","name":"O nas - Dofinansowania unijne, szkolenia","isPartOf":{"@id":"https:\/\/profesconsulting.pl\/#website"},"datePublished":"2017-06-26T12:40:18+00:00","dateModified":"2018-02-12T16:26:44+00:00","breadcrumb":{"@id":"https:\/\/profesconsulting.pl\/?page_id=172#breadcrumb"},"inLanguage":"pl-PL","potentialAction":[{"@type":"ReadAction","target":["https:\/\/profesconsulting.pl\/?page_id=172"]}]},{"@type":"BreadcrumbList","@id":"https:\/\/profesconsulting.pl\/?page_id=172#breadcrumb","itemListElement":[{"@type":"ListItem","position":1,"name":"Strona g\u0142\u00f3wna","item":"https:\/\/profesconsulting.pl\/"},{"@type":"ListItem","position":2,"name":"Profes Consulting","item":"https:\/\/profesconsulting.pl\/"},{"@type":"ListItem","position":3,"name":"O nas"}]},{"@type":"WebSite","@id":"https:\/\/profesconsulting.pl\/#website","url":"https:\/\/profesconsulting.pl\/","name":"Dofinansowania unijne, szkolenia","description":"","potentialAction":[{"@type":"SearchAction","target":{"@type":"EntryPoint","urlTemplate":"https:\/\/profesconsulting.pl\/?s={search_term_string}"},"query-input":"required name=search_term_string"}],"inLanguage":"pl-PL"}]}},"jetpack_sharing_enabled":true,"jetpack_shortlink":"https:\/\/wp.me\/P8SOof-2M","_links":{"self":[{"href":"https:\/\/profesconsulting.pl\/index.php?rest_route=\/wp\/v2\/pages\/172"}],"collection":[{"href":"https:\/\/profesconsulting.pl\/index.php?rest_route=\/wp\/v2\/pages"}],"about":[{"href":"https:\/\/profesconsulting.pl\/index.php?rest_route=\/wp\/v2\/types\/page"}],"author":[{"embeddable":true,"href":"https:\/\/profesconsulting.pl\/index.php?rest_route=\/wp\/v2\/users\/2"}],"replies":[{"embeddable":true,"href":"https:\/\/profesconsulting.pl\/index.php?rest_route=%2Fwp%2Fv2%2Fcomments&post=172"}],"version-history":[{"count":10,"href":"https:\/\/profesconsulting.pl\/index.php?rest_route=\/wp\/v2\/pages\/172\/revisions"}],"predecessor-version":[{"id":577,"href":"https:\/\/profesconsulting.pl\/index.php?rest_route=\/wp\/v2\/pages\/172\/revisions\/577"}],"up":[{"embeddable":true,"href":"https:\/\/profesconsulting.pl\/index.php?rest_route=\/wp\/v2\/pages\/28"}],"wp:attachment":[{"href":"https:\/\/profesconsulting.pl\/index.php?rest_route=%2Fwp%2Fv2%2Fmedia&parent=172"}],"curies":[{"name":"wp","href":"https:\/\/api.w.org\/{rel}","templated":true}]}}