{"id":2,"date":"2016-05-10T03:48:21","date_gmt":"2016-05-10T03:48:21","guid":{"rendered":"http:\/\/profesconsulting.pl\/?page_id=2"},"modified":"2024-04-08T11:46:06","modified_gmt":"2024-04-08T11:46:06","slug":"sample-page","status":"publish","type":"page","link":"https:\/\/profesconsulting.pl\/?page_id=2","title":{"rendered":"Aktualno\u015bci"},"content":{"rendered":"<div id=\"pl-2\"  class=\"panel-layout\" ><div id=\"pg-2-0\"  class=\"panel-grid panel-has-style\" ><div class=\"siteorigin-panels-stretch panel-row-style panel-row-style-for-2-0\" style=\"padding: 0px 0; \" data-stretch-type=\"full\" data-overlay=\"true\" data-overlay-color=\"#000000\" ><div id=\"pgc-2-0-0\"  class=\"panel-grid-cell\" ><div id=\"panel-2-0-0-0\" class=\"so-panel widget widget_sydney_latest_news sydney_latest_news_widget panel-first-child panel-last-child\" data-index=\"0\" ><div style=\"text-align: left;\" data-title-color=\"#443f3f\" data-headings-color=\"#443f3f\" class=\"panel-widget-style panel-widget-style-for-2-0-0-0\" >\t\t<h3 class=\"widget-title\">Najnowsze wiadomo\u015bci<\/h3>\r\n\t\t\t\t\t<div class=\"blog-post col-md-4 col-sm-6 col-xs-12\">\r\n\t\t\t\t\t\t\t<div class=\"entry-thumb\">\r\n\t\t\t\t\t<a href=\"https:\/\/profesconsulting.pl\/?p=853\" title=\"\u015aCIE\u017bKA SMART dla M\u015aP ju\u017c w toku !\">\r\n\t\t\t\t\t\t<img loading=\"lazy\" decoding=\"async\" width=\"550\" height=\"400\" src=\"https:\/\/profesconsulting.pl\/wp-content\/uploads\/2024\/06\/earth-4782262_1280-550x400.jpg\" class=\"attachment-sydney-medium-thumb size-sydney-medium-thumb wp-post-image\" alt=\"\" \/>\t\t\t\t\t<\/a>\t\t\t\r\n\t\t\t\t<\/div>\t\r\n\t\t\t\t\t\t\t\t\t\r\n\t\t\t<h4 class=\"entry-title\"><a href=\"https:\/\/profesconsulting.pl\/?p=853\" rel=\"bookmark\">\u015aCIE\u017bKA SMART dla M\u015aP ju\u017c w toku !<\/a><\/h4>\t\t\t\t<div class=\"entry-summary\"><p>Do 24 pa\u017adziernika trwa konkurs, w kt\u00f3rym przedsi\u0119biorcy mog\u0105 uzyska\u0107 dofinansowanie na rozwi\u0105zania innowacyjne. Mo\u017cliwa jest realizacja modu\u0142\u00f3w: 1) B+R \u2013 czyli [&hellip;]<\/p>\n<\/div>\r\n\t\t\t<\/div>\r\n\t\t\t\t\t<div class=\"blog-post col-md-4 col-sm-6 col-xs-12\">\r\n\t\t\t\t\t\t\t<div class=\"entry-thumb\">\r\n\t\t\t\t\t<a href=\"https:\/\/profesconsulting.pl\/?p=848\" title=\"PRZEDSI\u0118BIORCZO\u015a\u0106 M\u015aP w woj.  \u0141\u00d3DZKIM\">\r\n\t\t\t\t\t\t<img loading=\"lazy\" decoding=\"async\" width=\"550\" height=\"400\" src=\"https:\/\/profesconsulting.pl\/wp-content\/uploads\/2024\/04\/e-commerce-8656646_1280-550x400.jpg\" class=\"attachment-sydney-medium-thumb size-sydney-medium-thumb wp-post-image\" alt=\"\" \/>\t\t\t\t\t<\/a>\t\t\t\r\n\t\t\t\t<\/div>\t\r\n\t\t\t\t\t\t\t\t\t\r\n\t\t\t<h4 class=\"entry-title\"><a href=\"https:\/\/profesconsulting.pl\/?p=848\" rel=\"bookmark\">PRZEDSI\u0118BIORCZO\u015a\u0106 M\u015aP w woj.  \u0141\u00d3DZKIM<\/a><\/h4>\t\t\t\t<div class=\"entry-summary\"><p>Konkursy, w\u00a0 kt\u00f3rych przedsi\u0119biorcy z woj. \u0141\u00f3dzkiego mog\u0105 uzyska\u0107 dofinansowanie na rozw\u00f3j swojej przedsi\u0119biorczo\u015bci, wdro\u017cenie innowacyjno\u015bci, prac BR \u2013 ju\u017c \u00a0wtoku, lub [&hellip;]<\/p>\n<\/div>\r\n\t\t\t<\/div>\r\n\t\t\t\t\t<div class=\"blog-post col-md-4 col-sm-6 col-xs-12\">\r\n\t\t\t\t\t\t\t<div class=\"entry-thumb\">\r\n\t\t\t\t\t<a href=\"https:\/\/profesconsulting.pl\/?p=844\" title=\"INTEGRACJA i US\u0141UGI SPO\u0141ECZNE \u2013 \u0141\u00d3DZKIE\">\r\n\t\t\t\t\t\t<img loading=\"lazy\" decoding=\"async\" width=\"550\" height=\"400\" src=\"https:\/\/profesconsulting.pl\/wp-content\/uploads\/2024\/04\/group-418449_1280-550x400.jpg\" class=\"attachment-sydney-medium-thumb size-sydney-medium-thumb wp-post-image\" alt=\"\" \/>\t\t\t\t\t<\/a>\t\t\t\r\n\t\t\t\t<\/div>\t\r\n\t\t\t\t\t\t\t\t\t\r\n\t\t\t<h4 class=\"entry-title\"><a href=\"https:\/\/profesconsulting.pl\/?p=844\" rel=\"bookmark\">INTEGRACJA i US\u0141UGI SPO\u0141ECZNE \u2013 \u0141\u00d3DZKIE<\/a><\/h4>\t\t\t\t<div class=\"entry-summary\"><p>W wojew\u00f3dztwie \u0141\u00d3DZKIM trwa konkurs na dofinansowanie instrument\u00f3w AKTYWIZACJI zawodowej, edukacyjnej i spo\u0142ecznej, w tym : &#8211; aktywizacji zawodowej: poradnictwo, wsparcie indywidualne, [&hellip;]<\/p>\n<\/div>\r\n\t\t\t<\/div>\r\n\t\t\t\t\t<div class=\"blog-post col-md-4 col-sm-6 col-xs-12\">\r\n\t\t\t\t\t\t\t<div class=\"entry-thumb\">\r\n\t\t\t\t\t<a href=\"https:\/\/profesconsulting.pl\/?p=823\" title=\"\u0141\u00d3DZKIE \u2013 KSZTA\u0141CENIE ZAWODOWE\">\r\n\t\t\t\t\t\t<img loading=\"lazy\" decoding=\"async\" width=\"550\" height=\"400\" src=\"https:\/\/profesconsulting.pl\/wp-content\/uploads\/2024\/03\/worker-5736096_1280-550x400.jpg\" class=\"attachment-sydney-medium-thumb size-sydney-medium-thumb wp-post-image\" alt=\"\" \/>\t\t\t\t\t<\/a>\t\t\t\r\n\t\t\t\t<\/div>\t\r\n\t\t\t\t\t\t\t\t\t\r\n\t\t\t<h4 class=\"entry-title\"><a href=\"https:\/\/profesconsulting.pl\/?p=823\" rel=\"bookmark\">\u0141\u00d3DZKIE \u2013 KSZTA\u0141CENIE ZAWODOWE<\/a><\/h4>\t\t\t\t<div class=\"entry-summary\"><p>Tylko do 29.04.2024 r. trwa nab\u00f3r wniosk\u00f3w na dofinansowanie SZKOLNICTWA ZAWODOWEGO w woj. \u0141\u00d3DZKIM. Dofinansowanie mo\u017cna uzyska\u0107 na: wsparcie i propagowanie szk\u00f3\u0142 [&hellip;]<\/p>\n<\/div>\r\n\t\t\t<\/div>\r\n\t\t\t\t\t<div class=\"blog-post col-md-4 col-sm-6 col-xs-12\">\r\n\t\t\t\t\t\t\t<div class=\"entry-thumb\">\r\n\t\t\t\t\t<a href=\"https:\/\/profesconsulting.pl\/?p=810\" title=\"PRZEDSZKOLA  w woj. \u015awi\u0119tokrzyskim\">\r\n\t\t\t\t\t\t<img loading=\"lazy\" decoding=\"async\" width=\"550\" height=\"400\" src=\"https:\/\/profesconsulting.pl\/wp-content\/uploads\/2023\/06\/boy-521545_1280-550x400.jpg\" class=\"attachment-sydney-medium-thumb size-sydney-medium-thumb wp-post-image\" alt=\"\" \/>\t\t\t\t\t<\/a>\t\t\t\r\n\t\t\t\t<\/div>\t\r\n\t\t\t\t\t\t\t\t\t\r\n\t\t\t<h4 class=\"entry-title\"><a href=\"https:\/\/profesconsulting.pl\/?p=810\" rel=\"bookmark\">PRZEDSZKOLA  w woj. \u015awi\u0119tokrzyskim<\/a><\/h4>\t\t\t\t<div class=\"entry-summary\"><p>Do 14 lipca 2023 r. trwa konkurs na dofinansowanie miejsc opieki PRZEDSZKOLNEJ\u00a0w woj. \u015awi\u0119tokrzyskim. Do zagospodarowania jest a\u017c 21 mln. PLN ! [&hellip;]<\/p>\n<\/div>\r\n\t\t\t<\/div>\r\n\t\t\t\t\t<div class=\"blog-post col-md-4 col-sm-6 col-xs-12\">\r\n\t\t\t\t\t\t\t<div class=\"entry-thumb\">\r\n\t\t\t\t\t<a href=\"https:\/\/profesconsulting.pl\/?p=807\" title=\"Kszta\u0142cenie BRAN\u017bOWE w woj. \u015awi\u0119tokrzyskim\">\r\n\t\t\t\t\t\t<img loading=\"lazy\" decoding=\"async\" width=\"550\" height=\"400\" src=\"https:\/\/profesconsulting.pl\/wp-content\/uploads\/2023\/06\/Ksztalcenie-zaw-550x400.jpg\" class=\"attachment-sydney-medium-thumb size-sydney-medium-thumb wp-post-image\" alt=\"\" \/>\t\t\t\t\t<\/a>\t\t\t\r\n\t\t\t\t<\/div>\t\r\n\t\t\t\t\t\t\t\t\t\r\n\t\t\t<h4 class=\"entry-title\"><a href=\"https:\/\/profesconsulting.pl\/?p=807\" rel=\"bookmark\">Kszta\u0142cenie BRAN\u017bOWE w woj. \u015awi\u0119tokrzyskim<\/a><\/h4>\t\t\t\t<div class=\"entry-summary\"><p>Do 14 lipca 2023 r.\u00a0 trwa konkurs dla szk\u00f3\u0142 BRAN\u017bOWYCH wojew\u00f3dztwa \u015awi\u0119tokrzyskiego. W puli finansowej jest ponad 56 mln PLN !!! Mo\u017cna [&hellip;]<\/p>\n<\/div>\r\n\t\t\t<\/div>\r\n\t\t\t\t\t<div class=\"blog-post col-md-4 col-sm-6 col-xs-12\">\r\n\t\t\t\t\t\t\t<div class=\"entry-thumb\">\r\n\t\t\t\t\t<a href=\"https:\/\/profesconsulting.pl\/?p=803\" title=\"LUBELSKIE &#8211; kszta\u0142cenie OG\u00d3LNE\">\r\n\t\t\t\t\t\t<img loading=\"lazy\" decoding=\"async\" width=\"550\" height=\"400\" src=\"https:\/\/profesconsulting.pl\/wp-content\/uploads\/2018\/02\/tablet-1910018-550x400.jpg\" class=\"attachment-sydney-medium-thumb size-sydney-medium-thumb wp-post-image\" alt=\"\" \/>\t\t\t\t\t<\/a>\t\t\t\r\n\t\t\t\t<\/div>\t\r\n\t\t\t\t\t\t\t\t\t\r\n\t\t\t<h4 class=\"entry-title\"><a href=\"https:\/\/profesconsulting.pl\/?p=803\" rel=\"bookmark\">LUBELSKIE &#8211; kszta\u0142cenie OG\u00d3LNE<\/a><\/h4>\t\t\t\t<div class=\"entry-summary\"><p>Do 30 maja 2023 r. trwa konkurs na dofinansowanie kszta\u0142cenia og\u00f3lnego. O dofinansowanie ubiega\u0107 si\u0119 mog\u0105: &#8211; szko\u0142a\/plac\u00f3wka o\u015bwiatowa prowadz\u0105ca kszta\u0142cenie w [&hellip;]<\/p>\n<\/div>\r\n\t\t\t<\/div>\r\n\t\t\r\n\t\t\t\t\t\t\r\n\t<\/div><\/div><\/div><\/div><\/div><div id=\"pg-2-1\"  class=\"panel-grid panel-has-style\" ><div class=\"siteorigin-panels-stretch panel-row-style panel-row-style-for-2-1\" style=\"padding: 15px 0; \" data-stretch-type=\"full\" data-overlay=\"true\" data-overlay-color=\"#000000\" ><div id=\"pgc-2-1-0\"  class=\"panel-grid-cell\" ><div id=\"panel-2-1-0-0\" class=\"so-panel widget widget_sow-post-carousel panel-first-child panel-last-child\" data-index=\"1\" ><div style=\"text-align: center;\" data-title-color=\"#443f3f\" data-headings-color=\"#443f3f\" class=\"panel-widget-style panel-widget-style-for-2-1-0-0\" ><div\n\t\t\t\n\t\t\tclass=\"so-widget-sow-post-carousel so-widget-sow-post-carousel-base-f79712cd714a-803\"\n\t\t\t\n\t\t>\t<div\n\t\tclass=\"sow-post-carousel-wrapper sow-post-carousel-theme-base\"\n\t\tstyle=\"overflow: hidden; max-width: 100%; min-height: 182px\"\n\t>\n\t\t<div class=\"sow-carousel-title has-title\">\n\t<h3 class=\"widget-title\">Pozosta\u0142e wiadomo\u015bci<\/h3>\t\t<div class=\"sow-carousel-navigation \">\n\t\t\t\t\t\t<a href=\"#\" class=\"sow-carousel-next\" title=\"Next\" aria-label=\"Next Posts\" role=\"button\"><\/a>\n\t\t\t\t\t\t<a href=\"#\" class=\"sow-carousel-previous\" title=\"Previous\" aria-label=\"Previous Posts\" role=\"button\"><\/a>\n\t\t\t\t\t<\/div>\n\t<\/div>\n\n<div class=\"sow-carousel-container \">\n\t\t<div class=\"sow-carousel-wrapper\"\n\t\tdata-dir=\"ltr\"\n\t\tstyle=\"opacity: 0;\"\n\t\tdata-widget=\"post\" data-fetching=\"false\" data-page=\"1\" data-ajax-url=\"https:\/\/profesconsulting.pl\/wp-admin\/admin-ajax.php?_widgets_nonce=561f26c21c\" data-item_count=\"40\" data-carousel_settings=\"{&quot;loop&quot;:true,&quot;animation&quot;:&quot;ease&quot;,&quot;animation_speed&quot;:400,&quot;autoplay&quot;:false,&quot;pauseOnHover&quot;:false,&quot;autoplaySpeed&quot;:8000,&quot;item_overflow&quot;:true,&quot;autoplay_continuous_scroll&quot;:false}\" data-responsive=\"{&quot;desktop_slides_to_scroll&quot;:1,&quot;tablet_landscape_breakpoint&quot;:1366,&quot;tablet_landscape_slides_to_scroll&quot;:2,&quot;tablet_portrait_breakpoint&quot;:1025,&quot;tablet_portrait_slides_to_scroll&quot;:2,&quot;mobile_breakpoint&quot;:480,&quot;mobile_slides_to_scroll&quot;:1}\" data-variable_width=\"true\" \t>\n\t\t<div\n\t\t\tclass=\"sow-carousel-items\"\n\t\t\t\t\t>\n\t\t\t\t<div class=\"sow-carousel-item\" tabindex=\"-1\" style=\"float: left;\">\n\t\t<div class=\"sow-carousel-thumbnail\">\n\t\t\t\t\t\t\t<a\n\t\t\t\t\thref=\"https:\/\/profesconsulting.pl\/?p=853\"\n\t\t\t\t\t\t\t\t\t\tstyle=\"background-image: url( https:\/\/profesconsulting.pl\/wp-content\/uploads\/2024\/06\/earth-4782262_1280-272x182.jpg )\"\n\t\t\t\t\taria-labelledby=\"sow-carousel-id-853\"\n\t\t\t\t\ttabindex=\"-1\"\n\t\t\t\t>\n\t\t\t\t\t<span class=\"overlay\"><\/span>\n\t\t\t\t<\/a>\n\t\t\t\t\t<\/div>\n\t\t<h3 class=\"sow-carousel-item-title\">\n\t\t\t<a\n\t\t\t\thref=\"https:\/\/profesconsulting.pl\/?p=853\"\n\t\t\t\tid=\"sow-carousel-id-853\"\n\t\t\t\t\t\t\t\ttabindex=\"-1\"\n\t\t\t>\n\n\t\t\t\t\u015aCIE\u017bKA SMART dla M\u015aP ju\u017c w toku !\t\t\t<\/a>\n\t\t<\/h3>\n\t<\/div>\n\t<div class=\"sow-carousel-item\" tabindex=\"-1\" style=\"float: left;\">\n\t\t<div class=\"sow-carousel-thumbnail\">\n\t\t\t\t\t\t\t<a\n\t\t\t\t\thref=\"https:\/\/profesconsulting.pl\/?p=848\"\n\t\t\t\t\t\t\t\t\t\tstyle=\"background-image: url( https:\/\/profesconsulting.pl\/wp-content\/uploads\/2024\/04\/e-commerce-8656646_1280-272x182.jpg )\"\n\t\t\t\t\taria-labelledby=\"sow-carousel-id-848\"\n\t\t\t\t\ttabindex=\"-1\"\n\t\t\t\t>\n\t\t\t\t\t<span class=\"overlay\"><\/span>\n\t\t\t\t<\/a>\n\t\t\t\t\t<\/div>\n\t\t<h3 class=\"sow-carousel-item-title\">\n\t\t\t<a\n\t\t\t\thref=\"https:\/\/profesconsulting.pl\/?p=848\"\n\t\t\t\tid=\"sow-carousel-id-848\"\n\t\t\t\t\t\t\t\ttabindex=\"-1\"\n\t\t\t>\n\n\t\t\t\tPRZEDSI\u0118BIORCZO\u015a\u0106 M\u015aP w woj.  \u0141\u00d3DZKIM\t\t\t<\/a>\n\t\t<\/h3>\n\t<\/div>\n\t<div class=\"sow-carousel-item\" tabindex=\"-1\" style=\"float: left;\">\n\t\t<div class=\"sow-carousel-thumbnail\">\n\t\t\t\t\t\t\t<a\n\t\t\t\t\thref=\"https:\/\/profesconsulting.pl\/?p=844\"\n\t\t\t\t\t\t\t\t\t\tstyle=\"background-image: url( https:\/\/profesconsulting.pl\/wp-content\/uploads\/2024\/04\/group-418449_1280-272x182.jpg )\"\n\t\t\t\t\taria-labelledby=\"sow-carousel-id-844\"\n\t\t\t\t\ttabindex=\"-1\"\n\t\t\t\t>\n\t\t\t\t\t<span class=\"overlay\"><\/span>\n\t\t\t\t<\/a>\n\t\t\t\t\t<\/div>\n\t\t<h3 class=\"sow-carousel-item-title\">\n\t\t\t<a\n\t\t\t\thref=\"https:\/\/profesconsulting.pl\/?p=844\"\n\t\t\t\tid=\"sow-carousel-id-844\"\n\t\t\t\t\t\t\t\ttabindex=\"-1\"\n\t\t\t>\n\n\t\t\t\tINTEGRACJA i US\u0141UGI SPO\u0141ECZNE \u2013 \u0141\u00d3DZKIE\t\t\t<\/a>\n\t\t<\/h3>\n\t<\/div>\n\t<div class=\"sow-carousel-item\" tabindex=\"-1\" style=\"float: left;\">\n\t\t<div class=\"sow-carousel-thumbnail\">\n\t\t\t\t\t\t\t<a\n\t\t\t\t\thref=\"https:\/\/profesconsulting.pl\/?p=823\"\n\t\t\t\t\t\t\t\t\t\tstyle=\"background-image: url( https:\/\/profesconsulting.pl\/wp-content\/uploads\/2024\/03\/worker-5736096_1280-272x182.jpg )\"\n\t\t\t\t\taria-labelledby=\"sow-carousel-id-823\"\n\t\t\t\t\ttabindex=\"-1\"\n\t\t\t\t>\n\t\t\t\t\t<span class=\"overlay\"><\/span>\n\t\t\t\t<\/a>\n\t\t\t\t\t<\/div>\n\t\t<h3 class=\"sow-carousel-item-title\">\n\t\t\t<a\n\t\t\t\thref=\"https:\/\/profesconsulting.pl\/?p=823\"\n\t\t\t\tid=\"sow-carousel-id-823\"\n\t\t\t\t\t\t\t\ttabindex=\"-1\"\n\t\t\t>\n\n\t\t\t\t\u0141\u00d3DZKIE \u2013 KSZTA\u0141CENIE ZAWODOWE\t\t\t<\/a>\n\t\t<\/h3>\n\t<\/div>\n\t<div class=\"sow-carousel-item\" tabindex=\"-1\" style=\"float: left;\">\n\t\t<div class=\"sow-carousel-thumbnail\">\n\t\t\t\t\t\t\t<a\n\t\t\t\t\thref=\"https:\/\/profesconsulting.pl\/?p=810\"\n\t\t\t\t\t\t\t\t\t\tstyle=\"background-image: url( https:\/\/profesconsulting.pl\/wp-content\/uploads\/2023\/06\/boy-521545_1280-272x182.jpg )\"\n\t\t\t\t\taria-labelledby=\"sow-carousel-id-810\"\n\t\t\t\t\ttabindex=\"-1\"\n\t\t\t\t>\n\t\t\t\t\t<span class=\"overlay\"><\/span>\n\t\t\t\t<\/a>\n\t\t\t\t\t<\/div>\n\t\t<h3 class=\"sow-carousel-item-title\">\n\t\t\t<a\n\t\t\t\thref=\"https:\/\/profesconsulting.pl\/?p=810\"\n\t\t\t\tid=\"sow-carousel-id-810\"\n\t\t\t\t\t\t\t\ttabindex=\"-1\"\n\t\t\t>\n\n\t\t\t\tPRZEDSZKOLA  w woj. \u015awi\u0119tokrzyskim\t\t\t<\/a>\n\t\t<\/h3>\n\t<\/div>\n\t<div class=\"sow-carousel-item\" tabindex=\"-1\" style=\"float: left;\">\n\t\t<div class=\"sow-carousel-thumbnail\">\n\t\t\t\t\t\t\t<a\n\t\t\t\t\thref=\"https:\/\/profesconsulting.pl\/?p=807\"\n\t\t\t\t\t\t\t\t\t\tstyle=\"background-image: url( https:\/\/profesconsulting.pl\/wp-content\/uploads\/2023\/06\/Ksztalcenie-zaw-272x182.jpg )\"\n\t\t\t\t\taria-labelledby=\"sow-carousel-id-807\"\n\t\t\t\t\ttabindex=\"-1\"\n\t\t\t\t>\n\t\t\t\t\t<span class=\"overlay\"><\/span>\n\t\t\t\t<\/a>\n\t\t\t\t\t<\/div>\n\t\t<h3 class=\"sow-carousel-item-title\">\n\t\t\t<a\n\t\t\t\thref=\"https:\/\/profesconsulting.pl\/?p=807\"\n\t\t\t\tid=\"sow-carousel-id-807\"\n\t\t\t\t\t\t\t\ttabindex=\"-1\"\n\t\t\t>\n\n\t\t\t\tKszta\u0142cenie BRAN\u017bOWE w woj. \u015awi\u0119tokrzyskim\t\t\t<\/a>\n\t\t<\/h3>\n\t<\/div>\n\t<div class=\"sow-carousel-item\" tabindex=\"-1\" style=\"float: left;\">\n\t\t<div class=\"sow-carousel-thumbnail\">\n\t\t\t\t\t\t\t<a\n\t\t\t\t\thref=\"https:\/\/profesconsulting.pl\/?p=798\"\n\t\t\t\t\t\t\t\t\t\tstyle=\"background-image: url( https:\/\/profesconsulting.pl\/wp-content\/uploads\/2023\/04\/Przedszkola-272x182.jpg )\"\n\t\t\t\t\taria-labelledby=\"sow-carousel-id-798\"\n\t\t\t\t\ttabindex=\"-1\"\n\t\t\t\t>\n\t\t\t\t\t<span class=\"overlay\"><\/span>\n\t\t\t\t<\/a>\n\t\t\t\t\t<\/div>\n\t\t<h3 class=\"sow-carousel-item-title\">\n\t\t\t<a\n\t\t\t\thref=\"https:\/\/profesconsulting.pl\/?p=798\"\n\t\t\t\tid=\"sow-carousel-id-798\"\n\t\t\t\t\t\t\t\ttabindex=\"-1\"\n\t\t\t>\n\n\t\t\t\tPrzedszkola i \u017b\u0142obki &#8211; dofinansowanie UE\t\t\t<\/a>\n\t\t<\/h3>\n\t<\/div>\n\t<div class=\"sow-carousel-item\" tabindex=\"-1\" style=\"float: left;\">\n\t\t<div class=\"sow-carousel-thumbnail\">\n\t\t\t\t\t\t\t<a\n\t\t\t\t\thref=\"https:\/\/profesconsulting.pl\/?p=795\"\n\t\t\t\t\t\t\t\t\t\tstyle=\"background-image: url( https:\/\/profesconsulting.pl\/wp-content\/uploads\/2017\/06\/eu-flag-911183_960_720-272x182.jpg )\"\n\t\t\t\t\taria-labelledby=\"sow-carousel-id-795\"\n\t\t\t\t\ttabindex=\"-1\"\n\t\t\t\t>\n\t\t\t\t\t<span class=\"overlay\"><\/span>\n\t\t\t\t<\/a>\n\t\t\t\t\t<\/div>\n\t\t<h3 class=\"sow-carousel-item-title\">\n\t\t\t<a\n\t\t\t\thref=\"https:\/\/profesconsulting.pl\/?p=795\"\n\t\t\t\tid=\"sow-carousel-id-795\"\n\t\t\t\t\t\t\t\ttabindex=\"-1\"\n\t\t\t>\n\n\t\t\t\tDofinansowania UE 2021-27\t\t\t<\/a>\n\t\t<\/h3>\n\t<\/div>\n\t<div class=\"sow-carousel-item\" tabindex=\"-1\" style=\"float: left;\">\n\t\t<div class=\"sow-carousel-thumbnail\">\n\t\t\t\t\t\t\t<a\n\t\t\t\t\thref=\"https:\/\/profesconsulting.pl\/?p=784\"\n\t\t\t\t\t\t\t\t\t\tstyle=\"background-image: url( https:\/\/profesconsulting.pl\/wp-content\/uploads\/2020\/02\/kindergarten-2456159_1920-272x182.jpg )\"\n\t\t\t\t\taria-labelledby=\"sow-carousel-id-784\"\n\t\t\t\t\ttabindex=\"-1\"\n\t\t\t\t>\n\t\t\t\t\t<span class=\"overlay\"><\/span>\n\t\t\t\t<\/a>\n\t\t\t\t\t<\/div>\n\t\t<h3 class=\"sow-carousel-item-title\">\n\t\t\t<a\n\t\t\t\thref=\"https:\/\/profesconsulting.pl\/?p=784\"\n\t\t\t\tid=\"sow-carousel-id-784\"\n\t\t\t\t\t\t\t\ttabindex=\"-1\"\n\t\t\t>\n\n\t\t\t\tLUBELSKIE PRZEDSZKOLA\t\t\t<\/a>\n\t\t<\/h3>\n\t<\/div>\n\t<div class=\"sow-carousel-item\" tabindex=\"-1\" style=\"float: left;\">\n\t\t<div class=\"sow-carousel-thumbnail\">\n\t\t\t\t\t\t\t<a\n\t\t\t\t\thref=\"https:\/\/profesconsulting.pl\/?p=779\"\n\t\t\t\t\t\t\t\t\t\tstyle=\"background-image: url( https:\/\/profesconsulting.pl\/wp-content\/uploads\/2020\/01\/sandbox-2454155_1920-272x182.jpg )\"\n\t\t\t\t\taria-labelledby=\"sow-carousel-id-779\"\n\t\t\t\t\ttabindex=\"-1\"\n\t\t\t\t>\n\t\t\t\t\t<span class=\"overlay\"><\/span>\n\t\t\t\t<\/a>\n\t\t\t\t\t<\/div>\n\t\t<h3 class=\"sow-carousel-item-title\">\n\t\t\t<a\n\t\t\t\thref=\"https:\/\/profesconsulting.pl\/?p=779\"\n\t\t\t\tid=\"sow-carousel-id-779\"\n\t\t\t\t\t\t\t\ttabindex=\"-1\"\n\t\t\t>\n\n\t\t\t\tPOMORSKIE !!! \u017b\u0141OBKI i KLUBY MALUCHA Wysoka alokacja\t\t\t<\/a>\n\t\t<\/h3>\n\t<\/div>\n\t\t<\/div>\n\t\t\t<\/div>\n\n\t<\/div>\n\t\t<input type=\"hidden\" name=\"instance_hash\" value=\"275a6ad5\"\/>\n\t<\/div>\n<\/div><\/div><\/div><\/div><\/div><\/div><div id=\"pg-2-2\"  class=\"panel-grid panel-has-style\" ><div class=\"siteorigin-panels-stretch panel-row-style panel-row-style-for-2-2\" style=\"padding: 15px 0; \" data-stretch-type=\"full\" data-overlay=\"true\" data-overlay-color=\"#000000\" ><div id=\"pgc-2-2-0\"  class=\"panel-grid-cell\" ><b>Message:<\/b> Invalid \"Facebook App Id\" ,\"Facebook Secret Key\" or \"Facebook Page Id\" \t<div id=\"panel-2-2-0-0\" class=\"so-panel widget widget_text panel-first-child panel-last-child\" data-index=\"2\" ><div style=\"text-align: center;\" data-title-color=\"#443f3f\" data-headings-color=\"#443f3f\" class=\"panel-widget-style panel-widget-style-for-2-2-0-0\" >\t\t\t<div class=\"textwidget\">\n<\/div>\n\t\t<\/div><\/div><\/div><\/div><\/div><\/div>","protected":false},"excerpt":{"rendered":"<p>Message: Invalid &#8222;Facebook App Id&#8221; ,&#8221;Facebook Secret Key&#8221; or &#8222;Facebook Page Id&#8221;<\/p>\n","protected":false},"author":2,"featured_media":0,"parent":28,"menu_order":0,"comment_status":"closed","ping_status":"closed","template":"page-templates\/page_fullwidth.php","meta":{"sfsi_plus_gutenberg_text_before_share":"","sfsi_plus_gutenberg_show_text_before_share":"","sfsi_plus_gutenberg_icon_type":"","sfsi_plus_gutenberg_icon_alignemt":"","sfsi_plus_gutenburg_max_per_row":"","jetpack_post_was_ever_published":false,"footnotes":""},"yoast_head":"<!-- This site is optimized with the Yoast SEO plugin v21.9.1 - https:\/\/yoast.com\/wordpress\/plugins\/seo\/ -->\n<title>Aktualno\u015bci - Dofinansowania unijne, szkolenia<\/title>\n<meta name=\"robots\" content=\"index, follow, max-snippet:-1, max-image-preview:large, max-video-preview:-1\" \/>\n<link rel=\"canonical\" href=\"https:\/\/profesconsulting.pl\/?page_id=2\" \/>\n<meta property=\"og:locale\" content=\"pl_PL\" \/>\n<meta property=\"og:type\" content=\"article\" \/>\n<meta property=\"og:title\" content=\"Aktualno\u015bci - Dofinansowania unijne, szkolenia\" \/>\n<meta property=\"og:description\" content=\"Message: Invalid &#8222;Facebook App Id&#8221; ,&#8221;Facebook Secret Key&#8221; or &#8222;Facebook Page Id&#8221;\" \/>\n<meta property=\"og:url\" content=\"https:\/\/profesconsulting.pl\/?page_id=2\" \/>\n<meta property=\"og:site_name\" content=\"Dofinansowania unijne, szkolenia\" \/>\n<meta property=\"article:modified_time\" content=\"2024-04-08T11:46:06+00:00\" \/>\n<meta name=\"twitter:card\" content=\"summary_large_image\" \/>\n<meta name=\"twitter:label1\" content=\"Szacowany czas czytania\" \/>\n\t<meta name=\"twitter:data1\" content=\"3 minuty\" \/>\n<script type=\"application\/ld+json\" class=\"yoast-schema-graph\">{\"@context\":\"https:\/\/schema.org\",\"@graph\":[{\"@type\":\"WebPage\",\"@id\":\"https:\/\/profesconsulting.pl\/?page_id=2\",\"url\":\"https:\/\/profesconsulting.pl\/?page_id=2\",\"name\":\"Aktualno\u015bci - Dofinansowania unijne, szkolenia\",\"isPartOf\":{\"@id\":\"https:\/\/profesconsulting.pl\/#website\"},\"datePublished\":\"2016-05-10T03:48:21+00:00\",\"dateModified\":\"2024-04-08T11:46:06+00:00\",\"breadcrumb\":{\"@id\":\"https:\/\/profesconsulting.pl\/?page_id=2#breadcrumb\"},\"inLanguage\":\"pl-PL\",\"potentialAction\":[{\"@type\":\"ReadAction\",\"target\":[\"https:\/\/profesconsulting.pl\/?page_id=2\"]}]},{\"@type\":\"BreadcrumbList\",\"@id\":\"https:\/\/profesconsulting.pl\/?page_id=2#breadcrumb\",\"itemListElement\":[{\"@type\":\"ListItem\",\"position\":1,\"name\":\"Strona g\u0142\u00f3wna\",\"item\":\"https:\/\/profesconsulting.pl\/\"},{\"@type\":\"ListItem\",\"position\":2,\"name\":\"Profes Consulting\",\"item\":\"https:\/\/profesconsulting.pl\/\"},{\"@type\":\"ListItem\",\"position\":3,\"name\":\"Aktualno\u015bci\"}]},{\"@type\":\"WebSite\",\"@id\":\"https:\/\/profesconsulting.pl\/#website\",\"url\":\"https:\/\/profesconsulting.pl\/\",\"name\":\"Dofinansowania unijne, szkolenia\",\"description\":\"\",\"potentialAction\":[{\"@type\":\"SearchAction\",\"target\":{\"@type\":\"EntryPoint\",\"urlTemplate\":\"https:\/\/profesconsulting.pl\/?s={search_term_string}\"},\"query-input\":\"required name=search_term_string\"}],\"inLanguage\":\"pl-PL\"}]}<\/script>\n<!-- \/ Yoast SEO plugin. -->","yoast_head_json":{"title":"Aktualno\u015bci - Dofinansowania unijne, szkolenia","robots":{"index":"index","follow":"follow","max-snippet":"max-snippet:-1","max-image-preview":"max-image-preview:large","max-video-preview":"max-video-preview:-1"},"canonical":"https:\/\/profesconsulting.pl\/?page_id=2","og_locale":"pl_PL","og_type":"article","og_title":"Aktualno\u015bci - Dofinansowania unijne, szkolenia","og_description":"Message: Invalid &#8222;Facebook App Id&#8221; ,&#8221;Facebook Secret Key&#8221; or &#8222;Facebook Page Id&#8221;","og_url":"https:\/\/profesconsulting.pl\/?page_id=2","og_site_name":"Dofinansowania unijne, szkolenia","article_modified_time":"2024-04-08T11:46:06+00:00","twitter_card":"summary_large_image","twitter_misc":{"Szacowany czas czytania":"3 minuty"},"schema":{"@context":"https:\/\/schema.org","@graph":[{"@type":"WebPage","@id":"https:\/\/profesconsulting.pl\/?page_id=2","url":"https:\/\/profesconsulting.pl\/?page_id=2","name":"Aktualno\u015bci - Dofinansowania unijne, szkolenia","isPartOf":{"@id":"https:\/\/profesconsulting.pl\/#website"},"datePublished":"2016-05-10T03:48:21+00:00","dateModified":"2024-04-08T11:46:06+00:00","breadcrumb":{"@id":"https:\/\/profesconsulting.pl\/?page_id=2#breadcrumb"},"inLanguage":"pl-PL","potentialAction":[{"@type":"ReadAction","target":["https:\/\/profesconsulting.pl\/?page_id=2"]}]},{"@type":"BreadcrumbList","@id":"https:\/\/profesconsulting.pl\/?page_id=2#breadcrumb","itemListElement":[{"@type":"ListItem","position":1,"name":"Strona g\u0142\u00f3wna","item":"https:\/\/profesconsulting.pl\/"},{"@type":"ListItem","position":2,"name":"Profes Consulting","item":"https:\/\/profesconsulting.pl\/"},{"@type":"ListItem","position":3,"name":"Aktualno\u015bci"}]},{"@type":"WebSite","@id":"https:\/\/profesconsulting.pl\/#website","url":"https:\/\/profesconsulting.pl\/","name":"Dofinansowania unijne, szkolenia","description":"","potentialAction":[{"@type":"SearchAction","target":{"@type":"EntryPoint","urlTemplate":"https:\/\/profesconsulting.pl\/?s={search_term_string}"},"query-input":"required name=search_term_string"}],"inLanguage":"pl-PL"}]}},"jetpack_sharing_enabled":true,"jetpack_shortlink":"https:\/\/wp.me\/P8SOof-2","_links":{"self":[{"href":"https:\/\/profesconsulting.pl\/index.php?rest_route=\/wp\/v2\/pages\/2"}],"collection":[{"href":"https:\/\/profesconsulting.pl\/index.php?rest_route=\/wp\/v2\/pages"}],"about":[{"href":"https:\/\/profesconsulting.pl\/index.php?rest_route=\/wp\/v2\/types\/page"}],"author":[{"embeddable":true,"href":"https:\/\/profesconsulting.pl\/index.php?rest_route=\/wp\/v2\/users\/2"}],"replies":[{"embeddable":true,"href":"https:\/\/profesconsulting.pl\/index.php?rest_route=%2Fwp%2Fv2%2Fcomments&post=2"}],"version-history":[{"count":36,"href":"https:\/\/profesconsulting.pl\/index.php?rest_route=\/wp\/v2\/pages\/2\/revisions"}],"predecessor-version":[{"id":838,"href":"https:\/\/profesconsulting.pl\/index.php?rest_route=\/wp\/v2\/pages\/2\/revisions\/838"}],"up":[{"embeddable":true,"href":"https:\/\/profesconsulting.pl\/index.php?rest_route=\/wp\/v2\/pages\/28"}],"wp:attachment":[{"href":"https:\/\/profesconsulting.pl\/index.php?rest_route=%2Fwp%2Fv2%2Fmedia&parent=2"}],"curies":[{"name":"wp","href":"https:\/\/api.w.org\/{rel}","templated":true}]}}