{"id":67,"date":"2017-06-26T10:06:00","date_gmt":"2017-06-26T10:06:00","guid":{"rendered":"http:\/\/test.profesconsulting.pl\/?page_id=67"},"modified":"2018-02-13T09:57:41","modified_gmt":"2018-02-13T09:57:41","slug":"szkolenia","status":"publish","type":"page","link":"https:\/\/profesconsulting.pl\/?page_id=67","title":{"rendered":"Szkolenia"},"content":{"rendered":"<div id=\"pl-67\"  class=\"panel-layout\" ><div id=\"pg-67-0\"  class=\"panel-grid panel-has-style\" ><div class=\"siteorigin-panels-stretch panel-row-style panel-row-style-for-67-0\" style=\"padding: 10px 0; \" data-stretch-type=\"full\" data-overlay=\"true\" data-overlay-color=\"#000000\" ><div id=\"pgc-67-0-0\"  class=\"panel-grid-cell\" ><div id=\"panel-67-0-0-0\" class=\"so-panel widget widget_list panel-first-child panel-last-child\" data-index=\"0\" ><div style=\"text-align: left;\" data-title-color=\"#443f3f\" data-headings-color=\"#443f3f\" class=\"panel-widget-style panel-widget-style-for-67-0-0-0\" >\n\t\t<p>Dzi\u0119ki szczeg\u00f3\u0142owej analizie potrzeb, nasi eksperci s\u0105 w stanie zaprojektowa\u0107 cykl szkoleniowy, trafiaj\u0105cy w rzeczywiste potrzeby naszych Klient\u00f3w. Korzy\u015bci dla klient\u00f3w wynikaj\u0105ce<br \/>\nz tego rozwi\u0105zania to w szczeg\u00f3lno\u015bci oszcz\u0119dno\u015b\u0107 czasu, niezb\u0119dnego do osi\u0105gni\u0119cia zak\u0142adanych cel\u00f3w rozwojowych, oszcz\u0119dno\u015b\u0107 koszt\u00f3w, poprzez osi\u0105gni\u0119cie satysfakcjonuj\u0105cej relacji nak\u0142ad\/rezultat oraz wzrost efektywno\u015bci organizacji, dzi\u0119ki wsparciu trafiaj\u0105cemu w obszary wymagaj\u0105ce wsparcia w celu poprawy funkcjonowania firmy\/instytucji. Korzy\u015bci p\u0142yn\u0105ce ze wsp\u00f3\u0142pracy z nami to r\u00f3wnie\u017c wdro\u017cenie trwa\u0142ych rozwi\u0105za\u0144, zapewniaj\u0105cych ci\u0105g\u0142o\u015b\u0107 rozwoju organizacji.<\/p>\n<p>W trakcie projektowania procesu szkole\u0144, za g\u0142\u00f3wny cel stawiamy sobie osi\u0105gni\u0119cie wysokiej skuteczno\u015bci procesu uczenia si\u0119. Jeste\u015bmy w stanie to osi\u0105gn\u0105\u0107, m.in. dzi\u0119ki odpowiednio dobranej kadrze, sk\u0142adaj\u0105cej si\u0119 z psycholog\u00f3w i trener\u00f3w - praktyk\u00f3w, posiadaj\u0105cych bogate do\u015bwiadczenie w pracy terapeutycznej, rozwojowej, jak r\u00f3wnie\u017c w realizacji szkole\u0144 dla \u015brodowiska biznesowego na rzecz zr\u00f3\u017cnicowanych podmiot\u00f3w i instytucji. Dzi\u0119ki wykorzystaniu w trakcie szkole\u0144 cyklu Kolba, dostosowujemy si\u0119 do sposobu uczenia si\u0119 os\u00f3b doros\u0142ych (w oparciu o do\u015bwiadczenie) oraz umo\u017cliwiamy Uczestnikom\/Uczestniczkom szkole\u0144 zastosowanie wniosk\u00f3w\/refleksji na swym stanowisku pracy, co zwi\u0119ksza skuteczno\u015b\u0107 procesu uczenia si\u0119.<\/p>\n\t\tSzkolenia prowadzone s\u0105 metod\u0105 warsztatow\u0105 zak\u0142adaj\u0105c\u0105 aktywny udzia\u0142 uczestnik\u00f3w przy zminimalizowaniu tradycyjnych sposob\u00f3w przekazywania wiedzy. W celu urozmaicenia procesu kszta\u0142cenia, wykorzystujemy rozmaite metody i techniki, ka\u017cdorazowo dostosowane do potrzeb organizacji oraz charakteru szkolenia: \n<ul class='roll-list'><li> dyskusje grupowe, <\/li><li> zadania grupowe, <\/li><li> mapy my\u015bli, <\/li><li> praca w parach, <\/li><li> prezentacje, <\/li><li> odgrywanie r\u00f3l, <\/li><li> symulacje, <\/li><li> licencjonowane gry zespo\u0142owe i mened\u017cerskie, <\/li><li> studium przypadku, <\/li><li> coaching zadaniowy,<\/li><li> nowoczesne technologie w uczeniu si\u0119 (Wirtualna i Rozszerzona Rzeczywisto\u015b\u0107)<\/li><\/ul>\t\t\t\t\n\t\t<\/div><\/div><\/div><div id=\"pgc-67-0-1\"  class=\"panel-grid-cell\" ><div id=\"panel-67-0-1-0\" class=\"so-panel widget widget_sow-image panel-first-child\" data-index=\"1\" ><div style=\"text-align: left;\" data-title-color=\"#443f3f\" data-headings-color=\"#443f3f\" class=\"panel-widget-style panel-widget-style-for-67-0-1-0\" ><div\n\t\t\t\n\t\t\tclass=\"so-widget-sow-image so-widget-sow-image-default-8b5b6f678277-67\"\n\t\t\t\n\t\t>\n\n<div class=\"sow-image-container\">\n\t\t<img decoding=\"async\" src=\"https:\/\/profesconsulting.pl\/wp-content\/uploads\/2017\/06\/benjamin-child-17946.jpg\" width=\"5184\" height=\"3456\" srcset=\"https:\/\/profesconsulting.pl\/wp-content\/uploads\/2017\/06\/benjamin-child-17946.jpg 5184w, https:\/\/profesconsulting.pl\/wp-content\/uploads\/2017\/06\/benjamin-child-17946-300x200.jpg 300w, https:\/\/profesconsulting.pl\/wp-content\/uploads\/2017\/06\/benjamin-child-17946-768x512.jpg 768w, https:\/\/profesconsulting.pl\/wp-content\/uploads\/2017\/06\/benjamin-child-17946-1024x683.jpg 1024w, https:\/\/profesconsulting.pl\/wp-content\/uploads\/2017\/06\/benjamin-child-17946-830x553.jpg 830w, https:\/\/profesconsulting.pl\/wp-content\/uploads\/2017\/06\/benjamin-child-17946-230x153.jpg 230w, https:\/\/profesconsulting.pl\/wp-content\/uploads\/2017\/06\/benjamin-child-17946-350x233.jpg 350w, https:\/\/profesconsulting.pl\/wp-content\/uploads\/2017\/06\/benjamin-child-17946-480x320.jpg 480w, https:\/\/profesconsulting.pl\/wp-content\/uploads\/2017\/06\/benjamin-child-17946-272x182.jpg 272w\" sizes=\"(max-width: 5184px) 100vw, 5184px\" alt=\"\" loading=\"lazy\" \t\tclass=\"so-widget-image\"\/>\n\t<\/div>\n\n<\/div><\/div><\/div><div id=\"panel-67-0-1-1\" class=\"so-panel widget widget_sow-image panel-last-child\" data-index=\"2\" ><div style=\"text-align: left;\" data-title-color=\"#443f3f\" data-headings-color=\"#443f3f\" class=\"panel-widget-style panel-widget-style-for-67-0-1-1\" ><div\n\t\t\t\n\t\t\tclass=\"so-widget-sow-image so-widget-sow-image-default-8b5b6f678277-67\"\n\t\t\t\n\t\t>\n\n<div class=\"sow-image-container\">\n\t\t<img decoding=\"async\" src=\"https:\/\/profesconsulting.pl\/wp-content\/uploads\/2018\/02\/5Q9C1277.jpg\" width=\"5760\" height=\"3840\" srcset=\"https:\/\/profesconsulting.pl\/wp-content\/uploads\/2018\/02\/5Q9C1277.jpg 5760w, https:\/\/profesconsulting.pl\/wp-content\/uploads\/2018\/02\/5Q9C1277-300x200.jpg 300w, https:\/\/profesconsulting.pl\/wp-content\/uploads\/2018\/02\/5Q9C1277-768x512.jpg 768w, https:\/\/profesconsulting.pl\/wp-content\/uploads\/2018\/02\/5Q9C1277-1024x683.jpg 1024w, https:\/\/profesconsulting.pl\/wp-content\/uploads\/2018\/02\/5Q9C1277-830x553.jpg 830w, https:\/\/profesconsulting.pl\/wp-content\/uploads\/2018\/02\/5Q9C1277-230x153.jpg 230w, https:\/\/profesconsulting.pl\/wp-content\/uploads\/2018\/02\/5Q9C1277-350x233.jpg 350w, https:\/\/profesconsulting.pl\/wp-content\/uploads\/2018\/02\/5Q9C1277-480x320.jpg 480w, https:\/\/profesconsulting.pl\/wp-content\/uploads\/2018\/02\/5Q9C1277-272x182.jpg 272w\" sizes=\"(max-width: 5760px) 100vw, 5760px\" alt=\"\" loading=\"lazy\" \t\tclass=\"so-widget-image\"\/>\n\t<\/div>\n\n<\/div><\/div><\/div><\/div><\/div><\/div><\/div>","protected":false},"excerpt":{"rendered":"<p>Dzi\u0119ki szczeg\u00f3\u0142owej analizie potrzeb, nasi eksperci s\u0105 w stanie zaprojektowa\u0107 cykl szkoleniowy, trafiaj\u0105cy w rzeczywiste potrzeby naszych Klient\u00f3w. Korzy\u015bci dla klient\u00f3w wynikaj\u0105ce [&hellip;]<\/p>\n","protected":false},"author":2,"featured_media":0,"parent":28,"menu_order":0,"comment_status":"closed","ping_status":"closed","template":"page-templates\/page_fullwidth.php","meta":{"sfsi_plus_gutenberg_text_before_share":"","sfsi_plus_gutenberg_show_text_before_share":"","sfsi_plus_gutenberg_icon_type":"","sfsi_plus_gutenberg_icon_alignemt":"","sfsi_plus_gutenburg_max_per_row":"","jetpack_post_was_ever_published":false,"footnotes":""},"yoast_head":"<!-- This site is optimized with the Yoast SEO plugin v21.9.1 - https:\/\/yoast.com\/wordpress\/plugins\/seo\/ -->\n<title>Szkolenia - Dofinansowania unijne, szkolenia<\/title>\n<meta name=\"robots\" content=\"index, follow, max-snippet:-1, max-image-preview:large, max-video-preview:-1\" \/>\n<link rel=\"canonical\" href=\"https:\/\/profesconsulting.pl\/?page_id=67\" \/>\n<meta property=\"og:locale\" content=\"pl_PL\" \/>\n<meta property=\"og:type\" content=\"article\" \/>\n<meta property=\"og:title\" content=\"Szkolenia - Dofinansowania unijne, szkolenia\" \/>\n<meta property=\"og:description\" content=\"Dzi\u0119ki szczeg\u00f3\u0142owej analizie potrzeb, nasi eksperci s\u0105 w stanie zaprojektowa\u0107 cykl szkoleniowy, trafiaj\u0105cy w rzeczywiste potrzeby naszych Klient\u00f3w. Korzy\u015bci dla klient\u00f3w wynikaj\u0105ce [&hellip;]\" \/>\n<meta property=\"og:url\" content=\"https:\/\/profesconsulting.pl\/?page_id=67\" \/>\n<meta property=\"og:site_name\" content=\"Dofinansowania unijne, szkolenia\" \/>\n<meta property=\"article:modified_time\" content=\"2018-02-13T09:57:41+00:00\" \/>\n<meta name=\"twitter:card\" content=\"summary_large_image\" \/>\n<script type=\"application\/ld+json\" class=\"yoast-schema-graph\">{\"@context\":\"https:\/\/schema.org\",\"@graph\":[{\"@type\":\"WebPage\",\"@id\":\"https:\/\/profesconsulting.pl\/?page_id=67\",\"url\":\"https:\/\/profesconsulting.pl\/?page_id=67\",\"name\":\"Szkolenia - Dofinansowania unijne, szkolenia\",\"isPartOf\":{\"@id\":\"https:\/\/profesconsulting.pl\/#website\"},\"datePublished\":\"2017-06-26T10:06:00+00:00\",\"dateModified\":\"2018-02-13T09:57:41+00:00\",\"breadcrumb\":{\"@id\":\"https:\/\/profesconsulting.pl\/?page_id=67#breadcrumb\"},\"inLanguage\":\"pl-PL\",\"potentialAction\":[{\"@type\":\"ReadAction\",\"target\":[\"https:\/\/profesconsulting.pl\/?page_id=67\"]}]},{\"@type\":\"BreadcrumbList\",\"@id\":\"https:\/\/profesconsulting.pl\/?page_id=67#breadcrumb\",\"itemListElement\":[{\"@type\":\"ListItem\",\"position\":1,\"name\":\"Strona g\u0142\u00f3wna\",\"item\":\"https:\/\/profesconsulting.pl\/\"},{\"@type\":\"ListItem\",\"position\":2,\"name\":\"Profes Consulting\",\"item\":\"https:\/\/profesconsulting.pl\/\"},{\"@type\":\"ListItem\",\"position\":3,\"name\":\"Szkolenia\"}]},{\"@type\":\"WebSite\",\"@id\":\"https:\/\/profesconsulting.pl\/#website\",\"url\":\"https:\/\/profesconsulting.pl\/\",\"name\":\"Dofinansowania unijne, szkolenia\",\"description\":\"\",\"potentialAction\":[{\"@type\":\"SearchAction\",\"target\":{\"@type\":\"EntryPoint\",\"urlTemplate\":\"https:\/\/profesconsulting.pl\/?s={search_term_string}\"},\"query-input\":\"required name=search_term_string\"}],\"inLanguage\":\"pl-PL\"}]}<\/script>\n<!-- \/ Yoast SEO plugin. -->","yoast_head_json":{"title":"Szkolenia - Dofinansowania unijne, szkolenia","robots":{"index":"index","follow":"follow","max-snippet":"max-snippet:-1","max-image-preview":"max-image-preview:large","max-video-preview":"max-video-preview:-1"},"canonical":"https:\/\/profesconsulting.pl\/?page_id=67","og_locale":"pl_PL","og_type":"article","og_title":"Szkolenia - Dofinansowania unijne, szkolenia","og_description":"Dzi\u0119ki szczeg\u00f3\u0142owej analizie potrzeb, nasi eksperci s\u0105 w stanie zaprojektowa\u0107 cykl szkoleniowy, trafiaj\u0105cy w rzeczywiste potrzeby naszych Klient\u00f3w. Korzy\u015bci dla klient\u00f3w wynikaj\u0105ce [&hellip;]","og_url":"https:\/\/profesconsulting.pl\/?page_id=67","og_site_name":"Dofinansowania unijne, szkolenia","article_modified_time":"2018-02-13T09:57:41+00:00","twitter_card":"summary_large_image","schema":{"@context":"https:\/\/schema.org","@graph":[{"@type":"WebPage","@id":"https:\/\/profesconsulting.pl\/?page_id=67","url":"https:\/\/profesconsulting.pl\/?page_id=67","name":"Szkolenia - Dofinansowania unijne, szkolenia","isPartOf":{"@id":"https:\/\/profesconsulting.pl\/#website"},"datePublished":"2017-06-26T10:06:00+00:00","dateModified":"2018-02-13T09:57:41+00:00","breadcrumb":{"@id":"https:\/\/profesconsulting.pl\/?page_id=67#breadcrumb"},"inLanguage":"pl-PL","potentialAction":[{"@type":"ReadAction","target":["https:\/\/profesconsulting.pl\/?page_id=67"]}]},{"@type":"BreadcrumbList","@id":"https:\/\/profesconsulting.pl\/?page_id=67#breadcrumb","itemListElement":[{"@type":"ListItem","position":1,"name":"Strona g\u0142\u00f3wna","item":"https:\/\/profesconsulting.pl\/"},{"@type":"ListItem","position":2,"name":"Profes Consulting","item":"https:\/\/profesconsulting.pl\/"},{"@type":"ListItem","position":3,"name":"Szkolenia"}]},{"@type":"WebSite","@id":"https:\/\/profesconsulting.pl\/#website","url":"https:\/\/profesconsulting.pl\/","name":"Dofinansowania unijne, szkolenia","description":"","potentialAction":[{"@type":"SearchAction","target":{"@type":"EntryPoint","urlTemplate":"https:\/\/profesconsulting.pl\/?s={search_term_string}"},"query-input":"required name=search_term_string"}],"inLanguage":"pl-PL"}]}},"jetpack_sharing_enabled":true,"jetpack_shortlink":"https:\/\/wp.me\/P8SOof-15","_links":{"self":[{"href":"https:\/\/profesconsulting.pl\/index.php?rest_route=\/wp\/v2\/pages\/67"}],"collection":[{"href":"https:\/\/profesconsulting.pl\/index.php?rest_route=\/wp\/v2\/pages"}],"about":[{"href":"https:\/\/profesconsulting.pl\/index.php?rest_route=\/wp\/v2\/types\/page"}],"author":[{"embeddable":true,"href":"https:\/\/profesconsulting.pl\/index.php?rest_route=\/wp\/v2\/users\/2"}],"replies":[{"embeddable":true,"href":"https:\/\/profesconsulting.pl\/index.php?rest_route=%2Fwp%2Fv2%2Fcomments&post=67"}],"version-history":[{"count":11,"href":"https:\/\/profesconsulting.pl\/index.php?rest_route=\/wp\/v2\/pages\/67\/revisions"}],"predecessor-version":[{"id":598,"href":"https:\/\/profesconsulting.pl\/index.php?rest_route=\/wp\/v2\/pages\/67\/revisions\/598"}],"up":[{"embeddable":true,"href":"https:\/\/profesconsulting.pl\/index.php?rest_route=\/wp\/v2\/pages\/28"}],"wp:attachment":[{"href":"https:\/\/profesconsulting.pl\/index.php?rest_route=%2Fwp%2Fv2%2Fmedia&parent=67"}],"curies":[{"name":"wp","href":"https:\/\/api.w.org\/{rel}","templated":true}]}}